{"id":13,"date":"2022-02-16T18:32:49","date_gmt":"2022-02-16T18:32:49","guid":{"rendered":"https:\/\/smas.kifst.hr\/?page_id=13"},"modified":"2025-04-24T07:54:34","modified_gmt":"2025-04-24T07:54:34","slug":"program","status":"publish","type":"page","link":"https:\/\/smas.kifst.hr\/?page_id=13","title":{"rendered":"Program"},"content":{"rendered":"\t\t<div data-elementor-type=\"wp-page\" data-elementor-id=\"13\" class=\"elementor elementor-13\" data-elementor-settings=\"[]\">\n\t\t\t\t\t\t\t<div class=\"elementor-section-wrap\">\n\t\t\t\t\t\t\t<section class=\"elementor-section elementor-top-section elementor-element elementor-element-6210780c elementor-section-stretched elementor-section-content-middle elementor-section-boxed elementor-section-height-default elementor-section-height-default\" data-id=\"6210780c\" data-element_type=\"section\" data-settings=\"{&quot;stretch_section&quot;:&quot;section-stretched&quot;,&quot;background_background&quot;:&quot;classic&quot;,&quot;jet_parallax_layout_list&quot;:[]}\">\n\t\t\t\t\t\t\t<div class=\"elementor-background-overlay\"><\/div>\n\t\t\t\t\t\t\t<div class=\"elementor-container elementor-column-gap-no\">\n\t\t\t\t\t<div class=\"elementor-column elementor-col-100 elementor-top-column elementor-element elementor-element-62ae9d0\" data-id=\"62ae9d0\" data-element_type=\"column\">\n\t\t\t<div class=\"elementor-widget-wrap elementor-element-populated\">\n\t\t\t\t\t\t\t\t<section class=\"elementor-section elementor-inner-section elementor-element elementor-element-6f068118 elementor-section-boxed elementor-section-height-default elementor-section-height-default\" data-id=\"6f068118\" data-element_type=\"section\" data-settings=\"{&quot;jet_parallax_layout_list&quot;:[]}\">\n\t\t\t\t\t\t<div class=\"elementor-container elementor-column-gap-default\">\n\t\t\t\t\t<div class=\"elementor-column elementor-col-100 elementor-inner-column elementor-element elementor-element-14860c55\" data-id=\"14860c55\" data-element_type=\"column\">\n\t\t\t<div class=\"elementor-widget-wrap elementor-element-populated\">\n\t\t\t\t\t\t\t\t<div class=\"elementor-element elementor-element-a2dac84 elementor-align-center elementor-widget elementor-widget-button\" data-id=\"a2dac84\" data-element_type=\"widget\" data-widget_type=\"button.default\">\n\t\t\t\t<div class=\"elementor-widget-container\">\n\t\t\t\t\t<div class=\"elementor-button-wrapper\">\n\t\t\t<a href=\"https:\/\/www.dropbox.com\/scl\/fi\/bu0mak5i6ecnkcs86bcc4\/INTERNATIONAL-CONFERENCE-ON-SCIENCE-AND-MEDICINE-IN-AQUATIC-SPORTS-SMAS-2025-PROGRAM.docx?rlkey=8ln00by8j7v88wlaxezti3l7f&#038;dl=0\" class=\"elementor-button-link elementor-button elementor-size-xl\" role=\"button\">\n\t\t\t\t\t\t<span class=\"elementor-button-content-wrapper\">\n\t\t\t\t\t\t<span class=\"elementor-button-text\">CONFERENCE PROGRAM  2025 Click here<\/span>\n\t\t<\/span>\n\t\t\t\t\t<\/a>\n\t\t<\/div>\n\t\t\t\t<\/div>\n\t\t\t\t<\/div>\n\t\t\t\t\t<\/div>\n\t\t<\/div>\n\t\t\t\t\t\t\t<\/div>\n\t\t<\/section>\n\t\t\t\t\t<\/div>\n\t\t<\/div>\n\t\t\t\t\t\t\t<\/div>\n\t\t<\/section>\n\t\t\t\t<section class=\"elementor-section elementor-top-section elementor-element elementor-element-b5ff582 elementor-section-boxed elementor-section-height-default elementor-section-height-default\" data-id=\"b5ff582\" data-element_type=\"section\" data-settings=\"{&quot;jet_parallax_layout_list&quot;:[]}\">\n\t\t\t\t\t\t<div class=\"elementor-container elementor-column-gap-default\">\n\t\t\t\t\t<div class=\"elementor-column elementor-col-100 elementor-top-column elementor-element elementor-element-7522e70\" data-id=\"7522e70\" data-element_type=\"column\">\n\t\t\t<div class=\"elementor-widget-wrap elementor-element-populated\">\n\t\t\t\t\t\t\t\t<div class=\"elementor-element elementor-element-223378d elementor-widget elementor-widget-heading\" data-id=\"223378d\" data-element_type=\"widget\" data-widget_type=\"heading.default\">\n\t\t\t\t<div class=\"elementor-widget-container\">\n\t\t\t<style>\/*! elementor - v3.5.5 - 03-02-2022 *\/\n.elementor-heading-title{padding:0;margin:0;line-height:1}.elementor-widget-heading .elementor-heading-title[class*=elementor-size-]>a{color:inherit;font-size:inherit;line-height:inherit}.elementor-widget-heading .elementor-heading-title.elementor-size-small{font-size:15px}.elementor-widget-heading .elementor-heading-title.elementor-size-medium{font-size:19px}.elementor-widget-heading .elementor-heading-title.elementor-size-large{font-size:29px}.elementor-widget-heading .elementor-heading-title.elementor-size-xl{font-size:39px}.elementor-widget-heading .elementor-heading-title.elementor-size-xxl{font-size:59px}<\/style><h2 class=\"elementor-heading-title elementor-size-xl\">Invited speaker 2025<\/h2>\t\t<\/div>\n\t\t\t\t<\/div>\n\t\t\t\t<section class=\"elementor-section elementor-inner-section elementor-element elementor-element-4e25845 elementor-section-boxed elementor-section-height-default elementor-section-height-default\" data-id=\"4e25845\" data-element_type=\"section\" data-settings=\"{&quot;jet_parallax_layout_list&quot;:[]}\">\n\t\t\t\t\t\t<div class=\"elementor-container elementor-column-gap-default\">\n\t\t\t\t\t<div class=\"elementor-column elementor-col-50 elementor-inner-column elementor-element elementor-element-91f81e4\" data-id=\"91f81e4\" data-element_type=\"column\">\n\t\t\t<div class=\"elementor-widget-wrap elementor-element-populated\">\n\t\t\t\t\t\t\t\t<div class=\"elementor-element elementor-element-a3bef1c elementor-widget elementor-widget-text-editor\" data-id=\"a3bef1c\" data-element_type=\"widget\" data-widget_type=\"text-editor.default\">\n\t\t\t\t<div class=\"elementor-widget-container\">\n\t\t\t<style>\/*! elementor - v3.5.5 - 03-02-2022 *\/\n.elementor-widget-text-editor.elementor-drop-cap-view-stacked .elementor-drop-cap{background-color:#818a91;color:#fff}.elementor-widget-text-editor.elementor-drop-cap-view-framed .elementor-drop-cap{color:#818a91;border:3px solid;background-color:transparent}.elementor-widget-text-editor:not(.elementor-drop-cap-view-default) .elementor-drop-cap{margin-top:8px}.elementor-widget-text-editor:not(.elementor-drop-cap-view-default) .elementor-drop-cap-letter{width:1em;height:1em}.elementor-widget-text-editor .elementor-drop-cap{float:left;text-align:center;line-height:1;font-size:50px}.elementor-widget-text-editor .elementor-drop-cap-letter{display:inline-block}<\/style>\t\t\t\t<p><strong><span style=\"color: #000000;\">Keynote:<\/span> <a href=\"https:\/\/scholar.google.hr\/citations?hl=hr&amp;user=cEj8AxAAAAAJ\">Dajana Zoreti\u0107<\/a><\/strong><\/p><p><strong><span style=\"color: #000000;\">University of Zagreb,<\/span> <a href=\"https:\/\/www.kif.unizg.hr\/\">Faculty of Kinesiology<\/a><\/strong><\/p><p><img loading=\"lazy\" class=\"alignleft wp-image-1167\" src=\"https:\/\/smas.kifst.hr\/wp-content\/uploads\/2025\/03\/WhatsApp-Image-2025-03-26-at-11.27.31-203x300.jpeg\" alt=\"\" width=\"166\" height=\"246\" srcset=\"https:\/\/smas.kifst.hr\/wp-content\/uploads\/2025\/03\/WhatsApp-Image-2025-03-26-at-11.27.31-203x300.jpeg 203w, https:\/\/smas.kifst.hr\/wp-content\/uploads\/2025\/03\/WhatsApp-Image-2025-03-26-at-11.27.31.jpeg 650w\" sizes=\"(max-width: 166px) 100vw, 166px\" \/><\/p><p><span style=\"color: #000000;\">Dr. Zoreti\u0107 is a distinguished expert in the field of kinesiology and sports training, with extensive experience in both scientific research and practical application. As an associate professor of kinesiology at the University of Zagreb, she earned her PhD in exercise physiology and has dedicated her career to researching and enhancing sports performance. Her impressive athletic background includes winning medals for the national swimming team at a high level, as well as securing the title of world vice-champion in freediving, further demonstrating her deep understanding of elite sports demands.<\/span><\/p><p><span style=\"color: #000000;\">For the past 15 years, she has worked as a strength and conditioning coach for top water polo clubs across Europe, including in Croatia, Georgia, Romania, and France. Her experience with national teams is also remarkable\u2014she served as the strength and conditioning coach for the Georgian water polo team and is currently leading the preparation of the Serbian national team. Under her guidance, Serbia achieved historic success by winning the gold medal at the Paris 2024 Olympic Games. In recognition of her expertise, she was awarded the title of Best Strength and Conditioning Coach in 2016 in Croatia.<\/span><\/p><p><span style=\"color: #000000;\">In her lecture, <strong><em>&#8220;Planning and Periodization of Strength and Conditioning Training for the Serbian Water Polo Team in Preparation for the Paris 2024 Olympic Games,&#8221;<\/em> <\/strong>Dr. Zoreti\u0107 will present the training methodology that led to Olympic gold. Through an analysis of players&#8217; physiological characteristics and a detailed review of training processes, the lecture will offer valuable insights into elite sports preparation strategies.<\/span><\/p>\t\t\t\t\t\t<\/div>\n\t\t\t\t<\/div>\n\t\t\t\t\t<\/div>\n\t\t<\/div>\n\t\t\t\t<div class=\"elementor-column elementor-col-50 elementor-inner-column elementor-element elementor-element-07be9bb\" data-id=\"07be9bb\" data-element_type=\"column\">\n\t\t\t<div class=\"elementor-widget-wrap elementor-element-populated\">\n\t\t\t\t\t\t\t\t<div class=\"elementor-element elementor-element-0699c83 elementor-widget elementor-widget-text-editor\" data-id=\"0699c83\" data-element_type=\"widget\" data-widget_type=\"text-editor.default\">\n\t\t\t\t<div class=\"elementor-widget-container\">\n\t\t\t\t\t\t\t<p><strong><span style=\"color: #000000;\">Keynote:<\/span> <a href=\"https:\/\/scholar.google.hr\/citations?hl=hr&amp;user=mbamkVwAAAAJ\">Mladen Marinovi\u0107<\/a><\/strong><\/p><p><strong><span style=\"color: #000000;\">University of Split,<\/span> <a href=\"https:\/\/web.kifst.unist.hr\/\">Faculty of Kinesiology<\/a><\/strong><\/p><p><img loading=\"lazy\" class=\"alignleft wp-image-1168\" src=\"https:\/\/smas.kifst.hr\/wp-content\/uploads\/2025\/03\/Mladen-Marinovic-199x300.jpg\" alt=\"\" width=\"148\" height=\"224\" srcset=\"https:\/\/smas.kifst.hr\/wp-content\/uploads\/2025\/03\/Mladen-Marinovic-199x300.jpg 199w, https:\/\/smas.kifst.hr\/wp-content\/uploads\/2025\/03\/Mladen-Marinovic-681x1024.jpg 681w, https:\/\/smas.kifst.hr\/wp-content\/uploads\/2025\/03\/Mladen-Marinovic-768x1155.jpg 768w, https:\/\/smas.kifst.hr\/wp-content\/uploads\/2025\/03\/Mladen-Marinovic-1021x1536.jpg 1021w, https:\/\/smas.kifst.hr\/wp-content\/uploads\/2025\/03\/Mladen-Marinovic-1362x2048.jpg 1362w, https:\/\/smas.kifst.hr\/wp-content\/uploads\/2025\/03\/Mladen-Marinovic-scaled.jpg 1702w\" sizes=\"(max-width: 148px) 100vw, 148px\" \/><\/p><p><span style=\"color: #000000;\">Dr. Marinovi\u0107 is an Associate Professor of Kinesiology at the University of Split (retired 2018). He earned his MA in Exercise Psychology at the University of Belgrade and PhD in Exercise Physiology at the University of Split. He published several papers on anthropometry, physiology, and the psychology of rowing and other sports. In addition to his professional engagement, he was head coach of the Croatian Rowing National team\u00a0 (1992-1998) and head coach of the Croatian Kayak-Kanu National team (flatwater, 2004-2008). He cooperated with the Croatian Karate Association (2001-2003) in the background of diagnostics of karate training status and education of karate coaches, and three years of work as fitness coach of Vinko Ugrinovi\u0107-Glavanovi\u0107 resulted in the winning of the European bronze medal. He collaborated with two Olympic sailors: Mate Arapov (1997-2000) and Ivan Kljakovi\u0107-Ga\u0161pi\u0107 (2001-2016), who won the EC in the Fin class three times, winning the first medal for Croatian sailing at the WC. For his work, Dr. Marinovi\u0107 was an invited lecturer at the FISA Coaches Conference three times; from 1997 to 2016, he was a member of the Croatian Olympic Committee&#8217;s Commission for the Sports Development and Olympic Preparations; and the Croatian Kinesiology Association awarded him the Lifetime Achievement Charter &#8220;Meritorious Kinesiologist.&#8221;<\/span><\/p><p><span style=\"color: #000000;\">Lecture:<\/span><\/p><p><span style=\"color: #000000;\">Title: <strong>Psychological profile of Croatian rowers<\/strong><\/span><\/p><p><span style=\"color: #000000;\">The lecture is based on the author&#8217;s life experience in rowing. Over forty years, rowers, from young juniors to medal winners at the World Championships and the Olympic Games, have been monitored. This lecture will provide insight into the importance of understanding motivation and personality traits for (1) monitoring and selecting rowers for top sporting achievements and (2) maintaining proper communication, especially with young people in their formative years &#8211; particularly important in modern life.<\/span><\/p>\t\t\t\t\t\t<\/div>\n\t\t\t\t<\/div>\n\t\t\t\t\t<\/div>\n\t\t<\/div>\n\t\t\t\t\t\t\t<\/div>\n\t\t<\/section>\n\t\t\t\t<section class=\"elementor-section elementor-inner-section elementor-element elementor-element-fa8ff45 elementor-section-boxed elementor-section-height-default elementor-section-height-default\" data-id=\"fa8ff45\" data-element_type=\"section\" data-settings=\"{&quot;jet_parallax_layout_list&quot;:[]}\">\n\t\t\t\t\t\t<div class=\"elementor-container elementor-column-gap-default\">\n\t\t\t\t\t<div class=\"elementor-column elementor-col-50 elementor-inner-column elementor-element elementor-element-82cd69a\" data-id=\"82cd69a\" data-element_type=\"column\">\n\t\t\t<div class=\"elementor-widget-wrap elementor-element-populated\">\n\t\t\t\t\t\t\t\t<div class=\"elementor-element elementor-element-07ea348 elementor-widget elementor-widget-text-editor\" data-id=\"07ea348\" data-element_type=\"widget\" data-widget_type=\"text-editor.default\">\n\t\t\t\t<div class=\"elementor-widget-container\">\n\t\t\t\t\t\t\t<p><span style=\"color: #000000;\"><strong>Keynote:<\/strong> <\/span><strong><a href=\"https:\/\/scholar.google.com\/citations?user=syyC_1AAAAAJ&amp;hl=hr&amp;oi=sra\">Steve Ingham\u00a0<\/a><\/strong><\/p><p><strong><a href=\"https:\/\/www.supportingchampions.co.uk\/\">Director and Performance Scientist at Supporting Champions<\/a><\/strong><\/p><p><img loading=\"lazy\" class=\"alignleft  wp-image-1252\" src=\"https:\/\/smas.kifst.hr\/wp-content\/uploads\/2025\/04\/Dr-Steve-Ingham-294x300.png\" alt=\"\" width=\"168\" height=\"171\" srcset=\"https:\/\/smas.kifst.hr\/wp-content\/uploads\/2025\/04\/Dr-Steve-Ingham-294x300.png 294w, https:\/\/smas.kifst.hr\/wp-content\/uploads\/2025\/04\/Dr-Steve-Ingham.png 587w\" sizes=\"(max-width: 168px) 100vw, 168px\" \/><\/p><p><span style=\"color: #000000;\">Dr Steve Ingham has a PhD in exercise physiology and a BSc in Sports Science, so he grounds all his work in science and sense. He also ensures ideas are practical and actionable so performance actually happens! He is steeped in high performance and has been integral to the development of Britain into an Olympic superpower. Throughout his career, he has supported over 1,000 athletes, more than 200 of whom have achieved World or Olympic medal success, including some of the greatest athletes in the world such as Dame Jessica Ennis-Hill, Sir Steve Redgrave, and Sir Matthew Pinsent. Steve has coached Kelly Sotherton\u2019s running for the heptathlon and to 4x400m Olympic medal-winning success. Also, he has gained high performance insight working at the British Olympic Association from 1998 to 2004, where he was Senior Sports Physiologist and Sports Science Manager, and at the English Institute of Sport from 2004 to 2016 where he was Head of Physiology and latterly the Director of Science and Technical Development, leading a team of 250 scientists in support of Team GB and Paralympics GB. He is a Fellow of the British Association of Sports and Exercise Science. Steve has consulted with over 20 international federations, multiple professional sports, including Arsenal, Manchester City, and The English FA, and AFC Bournemouth (where he is currently supervising the return of a young player to full training after cancer).<\/span><\/p><p><span style=\"color: #000000;\">Lecture Title: <strong>Performance Insights from Olympic Sport<\/strong><\/span><\/p><p><span style=\"color: #000000;\">How do you hatch high-performance? Modern, forward-thinking, contemporary organizations are leaning into understanding the intricacies of leadership and team dynamics. The principles of high performance, distilled from the most competitive arenas, offer invaluable insights for any team looking to excel.<\/span><\/p>\t\t\t\t\t\t<\/div>\n\t\t\t\t<\/div>\n\t\t\t\t\t<\/div>\n\t\t<\/div>\n\t\t\t\t<div class=\"elementor-column elementor-col-50 elementor-inner-column elementor-element elementor-element-998197c\" data-id=\"998197c\" data-element_type=\"column\">\n\t\t\t<div class=\"elementor-widget-wrap elementor-element-populated\">\n\t\t\t\t\t\t\t\t<div class=\"elementor-element elementor-element-bd0ce3c elementor-widget elementor-widget-text-editor\" data-id=\"bd0ce3c\" data-element_type=\"widget\" data-widget_type=\"text-editor.default\">\n\t\t\t\t<div class=\"elementor-widget-container\">\n\t\t\t\t\t\t\t<p><strong><span style=\"color: #000000;\">Keynote: <\/span><a href=\"https:\/\/scholar.google.ca\/citations?user=Be-s2h4AAAAJ&amp;hl=en\">Philip N. Ainslie<\/a><\/strong><\/p><p><strong><span style=\"color: #000000;\">University of British Columbia<\/span>, <a href=\"https:\/\/hes.ok.ubc.ca\/about\/contact\/philip-ainslie\/\">Centre for Lung, Heart and Vascular<\/a> <\/strong><strong><a href=\"https:\/\/hes.ok.ubc.ca\/about\/contact\/philip-ainslie\/\">Health<\/a><\/strong><\/p><p><img loading=\"lazy\" class=\"alignleft wp-image-1174\" src=\"https:\/\/smas.kifst.hr\/wp-content\/uploads\/2025\/03\/WhatsApp-Image-2025-03-31-at-17.49.19-262x300.jpeg\" alt=\"\" width=\"162\" height=\"185\" srcset=\"https:\/\/smas.kifst.hr\/wp-content\/uploads\/2025\/03\/WhatsApp-Image-2025-03-31-at-17.49.19-262x300.jpeg 262w, https:\/\/smas.kifst.hr\/wp-content\/uploads\/2025\/03\/WhatsApp-Image-2025-03-31-at-17.49.19.jpeg 600w\" sizes=\"(max-width: 162px) 100vw, 162px\" \/><\/p><p><span style=\"color: #000000;\">Phil Ainslie is a Professor, Research Chair in Environmental Physiology and co-directs the Centre of Heart, Lung and Vascular Health at the University of British Columbia, Canada. Phil\u2019s research program aims to better understand the mechanisms regulating brain blood flow in health, disease and during environmental stress. His diverse expertise in assessing cardiorespiratory and cerebrovascular function during physiological scenarios ranging from sleep to exercise, the stresses of high altitude to deep-sea diving, and healthy aging to heart and lung disease, has made him a leading authority on vascular function.\u00a0 Phil has published &gt;400 peer-reviewed full manuscripts (h-index: &gt;80; i10 index: &gt;250; &gt;23,000 citations) and has recently co-authored two textbooks in the area of environmental physiology (including the 2<sup>nd<\/sup> edition of Advanced Environmental and Exercise Physiology and the 6<sup>th<\/sup> edition of High Altitude Medicine and Physiology). In addition to mechanistic laboratory-based experiments he leads regular field expeditions, including various outreach initiatives, to high altitude to study acclimatization and adaptation with particular focus on indigenous populations located in the mountainous regions of Tibet, South America and Ethiopia. Phil has won numerous national and international awards for his research and sits on various senior international scientific leadership and policy advisory groups. He also co-organizes a number of international conferences related to environmental physiology.<\/span><\/p><p><span style=\"color: #000000;\">Lecture Title: <strong>Cerebral and pulmonary stresses of apnea and free-diving<\/strong><\/span><\/p><p><span style=\"color: #000000;\">This lecture will provide insight into the cerebrovascular consequence of prolonged apnea in elite free divers. The pulmonary implications of free diving will also be highlighted in both elite free-divers and in the indigenous Japanese Ama divers.<\/span><\/p>\t\t\t\t\t\t<\/div>\n\t\t\t\t<\/div>\n\t\t\t\t\t<\/div>\n\t\t<\/div>\n\t\t\t\t\t\t\t<\/div>\n\t\t<\/section>\n\t\t\t\t<section class=\"elementor-section elementor-inner-section elementor-element elementor-element-b31e7e0 elementor-section-boxed elementor-section-height-default elementor-section-height-default\" data-id=\"b31e7e0\" data-element_type=\"section\" data-settings=\"{&quot;jet_parallax_layout_list&quot;:[]}\">\n\t\t\t\t\t\t<div class=\"elementor-container elementor-column-gap-default\">\n\t\t\t\t\t<div class=\"elementor-column elementor-col-50 elementor-inner-column elementor-element elementor-element-4bdc5b9\" data-id=\"4bdc5b9\" data-element_type=\"column\">\n\t\t\t<div class=\"elementor-widget-wrap elementor-element-populated\">\n\t\t\t\t\t\t\t\t<div class=\"elementor-element elementor-element-1fcf9b4 elementor-widget elementor-widget-text-editor\" data-id=\"1fcf9b4\" data-element_type=\"widget\" data-widget_type=\"text-editor.default\">\n\t\t\t\t<div class=\"elementor-widget-container\">\n\t\t\t\t\t\t\t\t\t\t\t\t\t<\/div>\n\t\t\t\t<\/div>\n\t\t\t\t\t<\/div>\n\t\t<\/div>\n\t\t\t\t<div class=\"elementor-column elementor-col-50 elementor-inner-column elementor-element elementor-element-75a19d1\" data-id=\"75a19d1\" data-element_type=\"column\">\n\t\t\t<div class=\"elementor-widget-wrap elementor-element-populated\">\n\t\t\t\t\t\t\t\t<div class=\"elementor-element elementor-element-a9a8dbe elementor-widget elementor-widget-text-editor\" data-id=\"a9a8dbe\" data-element_type=\"widget\" data-widget_type=\"text-editor.default\">\n\t\t\t\t<div class=\"elementor-widget-container\">\n\t\t\t\t\t\t\t<p><strong><span style=\"color: #000000;\">Keynote:<\/span> <a href=\"https:\/\/www.physics.ox.ac.uk\/our-people\/elkington\">Nicholas Elkington<\/a><\/strong><\/p><p><strong><span style=\"color: #000000;\">University of Oxford<\/span>, <a href=\"https:\/\/www.physics.ox.ac.uk\/our-people\/elkington\">Department of Physics<\/a><\/strong><\/p><p><img loading=\"lazy\" class=\"alignleft wp-image-1213\" src=\"https:\/\/smas.kifst.hr\/wp-content\/uploads\/2025\/04\/WhatsApp-Image-2025-04-07-at-11.48.55-1-300x300.jpeg\" alt=\"\" width=\"167\" height=\"167\" srcset=\"https:\/\/smas.kifst.hr\/wp-content\/uploads\/2025\/04\/WhatsApp-Image-2025-04-07-at-11.48.55-1-300x300.jpeg 300w, https:\/\/smas.kifst.hr\/wp-content\/uploads\/2025\/04\/WhatsApp-Image-2025-04-07-at-11.48.55-1-150x150.jpeg 150w, https:\/\/smas.kifst.hr\/wp-content\/uploads\/2025\/04\/WhatsApp-Image-2025-04-07-at-11.48.55-1.jpeg 706w\" sizes=\"(max-width: 167px) 100vw, 167px\" \/><span style=\"color: #000000;\">We are pleased to welcome Dr. Nicholas Elkington, astrophysicist and former Oxford University Boat Club rower, to our &#8220;Lessons from the Boat&#8221; series. Dr. Elkington has balanced elite rowing with academic research throughout his career. His journey from Oxford&#8217;s Boat Race crews to developing instrumentation for lunar missions illustrates the transferability of athletic discipline into scientific achievement. His presentation will explore how the attention-to-detail, teamwork, and resilience cultivated through competitive rowing have enhanced his approach to astrophysical research, offering valuable insights for those navigating sport-academic pathways.<\/span><\/p><p><span style=\"color: #000000;\">Lecture:<\/span><\/p><p><span style=\"color: #000000;\">Title: <strong>From Oxford Blues to Lunar Views: Nick Elkington&#8217;s Journey Through Rowing and Space<\/strong><\/span><\/p>\t\t\t\t\t\t<\/div>\n\t\t\t\t<\/div>\n\t\t\t\t\t<\/div>\n\t\t<\/div>\n\t\t\t\t\t\t\t<\/div>\n\t\t<\/section>\n\t\t\t\t\t<\/div>\n\t\t<\/div>\n\t\t\t\t\t\t\t<\/div>\n\t\t<\/section>\n\t\t\t\t\t\t<\/div>\n\t\t\t\t\t<\/div>\n\t\t","protected":false},"excerpt":{"rendered":"<p>CONFERENCE PROGRAM 2025 Click here Invited speaker 2025 Keynote: Dajana Zoreti\u0107 University of Zagreb, Faculty of Kinesiology Dr. Zoreti\u0107 is a distinguished expert in the field of kinesiology and sports training, with extensive experience in both scientific research and practical application. As an associate professor of kinesiology at the University of Zagreb, she earned her [&hellip;]<\/p>\n","protected":false},"author":1,"featured_media":0,"parent":0,"menu_order":0,"comment_status":"closed","ping_status":"closed","template":"elementor_header_footer","meta":[],"_links":{"self":[{"href":"https:\/\/smas.kifst.hr\/index.php?rest_route=\/wp\/v2\/pages\/13"}],"collection":[{"href":"https:\/\/smas.kifst.hr\/index.php?rest_route=\/wp\/v2\/pages"}],"about":[{"href":"https:\/\/smas.kifst.hr\/index.php?rest_route=\/wp\/v2\/types\/page"}],"author":[{"embeddable":true,"href":"https:\/\/smas.kifst.hr\/index.php?rest_route=\/wp\/v2\/users\/1"}],"replies":[{"embeddable":true,"href":"https:\/\/smas.kifst.hr\/index.php?rest_route=%2Fwp%2Fv2%2Fcomments&post=13"}],"version-history":[{"count":158,"href":"https:\/\/smas.kifst.hr\/index.php?rest_route=\/wp\/v2\/pages\/13\/revisions"}],"predecessor-version":[{"id":1259,"href":"https:\/\/smas.kifst.hr\/index.php?rest_route=\/wp\/v2\/pages\/13\/revisions\/1259"}],"wp:attachment":[{"href":"https:\/\/smas.kifst.hr\/index.php?rest_route=%2Fwp%2Fv2%2Fmedia&parent=13"}],"curies":[{"name":"wp","href":"https:\/\/api.w.org\/{rel}","templated":true}]}}