{"id":17,"date":"2022-02-16T18:33:10","date_gmt":"2022-02-16T18:33:10","guid":{"rendered":"https:\/\/smas.kifst.hr\/?page_id=17"},"modified":"2025-05-07T08:16:10","modified_gmt":"2025-05-07T08:16:10","slug":"committee","status":"publish","type":"page","link":"https:\/\/smas.kifst.hr\/?page_id=17","title":{"rendered":"Committee"},"content":{"rendered":"\t\t<div data-elementor-type=\"wp-page\" data-elementor-id=\"17\" class=\"elementor elementor-17\" data-elementor-settings=\"[]\">\n\t\t\t\t\t\t\t<div class=\"elementor-section-wrap\">\n\t\t\t\t\t\t\t<section class=\"elementor-section elementor-top-section elementor-element elementor-element-2b1a5d00 elementor-section-stretched elementor-section-content-middle elementor-section-boxed elementor-section-height-default elementor-section-height-default\" data-id=\"2b1a5d00\" data-element_type=\"section\" data-settings=\"{&quot;stretch_section&quot;:&quot;section-stretched&quot;,&quot;background_background&quot;:&quot;classic&quot;,&quot;jet_parallax_layout_list&quot;:[]}\">\n\t\t\t\t\t\t\t<div class=\"elementor-background-overlay\"><\/div>\n\t\t\t\t\t\t\t<div class=\"elementor-container elementor-column-gap-no\">\n\t\t\t\t\t<div class=\"elementor-column elementor-col-100 elementor-top-column elementor-element elementor-element-43143e00\" data-id=\"43143e00\" data-element_type=\"column\">\n\t\t\t<div class=\"elementor-widget-wrap elementor-element-populated\">\n\t\t\t\t\t\t\t\t<section class=\"elementor-section elementor-inner-section elementor-element elementor-element-653d6bd2 elementor-section-content-middle elementor-section-boxed elementor-section-height-default elementor-section-height-default\" data-id=\"653d6bd2\" data-element_type=\"section\" data-settings=\"{&quot;jet_parallax_layout_list&quot;:[]}\">\n\t\t\t\t\t\t<div class=\"elementor-container elementor-column-gap-default\">\n\t\t\t\t\t<div class=\"elementor-column elementor-col-50 elementor-inner-column elementor-element elementor-element-6696b661\" data-id=\"6696b661\" data-element_type=\"column\">\n\t\t\t<div class=\"elementor-widget-wrap elementor-element-populated\">\n\t\t\t\t\t\t\t\t<div class=\"elementor-element elementor-element-1a09f41a elementor-widget elementor-widget-heading\" data-id=\"1a09f41a\" data-element_type=\"widget\" data-widget_type=\"heading.default\">\n\t\t\t\t<div class=\"elementor-widget-container\">\n\t\t\t<style>\/*! elementor - v3.5.5 - 03-02-2022 *\/\n.elementor-heading-title{padding:0;margin:0;line-height:1}.elementor-widget-heading .elementor-heading-title[class*=elementor-size-]>a{color:inherit;font-size:inherit;line-height:inherit}.elementor-widget-heading .elementor-heading-title.elementor-size-small{font-size:15px}.elementor-widget-heading .elementor-heading-title.elementor-size-medium{font-size:19px}.elementor-widget-heading .elementor-heading-title.elementor-size-large{font-size:29px}.elementor-widget-heading .elementor-heading-title.elementor-size-xl{font-size:39px}.elementor-widget-heading .elementor-heading-title.elementor-size-xxl{font-size:59px}<\/style><h2 class=\"elementor-heading-title elementor-size-default\">Committee<\/h2>\t\t<\/div>\n\t\t\t\t<\/div>\n\t\t\t\t\t<\/div>\n\t\t<\/div>\n\t\t\t\t<div class=\"elementor-column elementor-col-50 elementor-inner-column elementor-element elementor-element-75cf4d57\" data-id=\"75cf4d57\" data-element_type=\"column\">\n\t\t\t<div class=\"elementor-widget-wrap\">\n\t\t\t\t\t\t\t\t\t<\/div>\n\t\t<\/div>\n\t\t\t\t\t\t\t<\/div>\n\t\t<\/section>\n\t\t\t\t\t<\/div>\n\t\t<\/div>\n\t\t\t\t\t\t\t<\/div>\n\t\t<\/section>\n\t\t\t\t<div class=\"elementor-section elementor-top-section elementor-element elementor-element-296b5cc7 elementor-section-stretched elementor-section-boxed elementor-section-height-default elementor-section-height-default\" data-id=\"296b5cc7\" data-element_type=\"section\" data-settings=\"{&quot;stretch_section&quot;:&quot;section-stretched&quot;,&quot;background_background&quot;:&quot;classic&quot;,&quot;jet_parallax_layout_list&quot;:[]}\">\n\t\t\t\t\t\t<div class=\"elementor-container elementor-column-gap-default\">\n\t\t\t\t\t<div class=\"elementor-column elementor-col-100 elementor-top-column elementor-element elementor-element-6b2c3b43\" data-id=\"6b2c3b43\" data-element_type=\"column\" data-settings=\"{&quot;background_background&quot;:&quot;classic&quot;}\">\n\t\t\t<div class=\"elementor-widget-wrap elementor-element-populated\">\n\t\t\t\t\t\t\t\t<div class=\"elementor-element elementor-element-f81cdda elementor-widget elementor-widget-heading\" data-id=\"f81cdda\" data-element_type=\"widget\" data-widget_type=\"heading.default\">\n\t\t\t\t<div class=\"elementor-widget-container\">\n\t\t\t<h2 class=\"elementor-heading-title elementor-size-default\"><a href=\"https:\/\/wp.envatoextensions.com\/collection-5\/?elementor_library=speaker-2&#038;preview_nonce=f5204a5bf1\">Conference President<\/a><\/h2>\t\t<\/div>\n\t\t\t\t<\/div>\n\t\t\t\t<div class=\"elementor-element elementor-element-fe65a3b elementor-widget elementor-widget-heading\" data-id=\"fe65a3b\" data-element_type=\"widget\" data-widget_type=\"heading.default\">\n\t\t\t\t<div class=\"elementor-widget-container\">\n\t\t\t<p class=\"elementor-heading-title elementor-size-default\">Ognjen Uljevi\u0107<\/p>\t\t<\/div>\n\t\t\t\t<\/div>\n\t\t\t\t<section class=\"elementor-section elementor-inner-section elementor-element elementor-element-4639474f elementor-section-boxed elementor-section-height-default elementor-section-height-default\" data-id=\"4639474f\" data-element_type=\"section\" data-settings=\"{&quot;jet_parallax_layout_list&quot;:[]}\">\n\t\t\t\t\t\t<div class=\"elementor-container elementor-column-gap-default\">\n\t\t\t\t\t<div class=\"elementor-column elementor-col-50 elementor-inner-column elementor-element elementor-element-44ecb8e4 elementor-invisible\" data-id=\"44ecb8e4\" data-element_type=\"column\" data-settings=\"{&quot;animation&quot;:&quot;fadeInUp&quot;}\">\n\t\t\t<div class=\"elementor-widget-wrap elementor-element-populated\">\n\t\t\t\t\t\t\t\t<div class=\"elementor-element elementor-element-7f2bd76f elementor-widget elementor-widget-heading\" data-id=\"7f2bd76f\" data-element_type=\"widget\" data-widget_type=\"heading.default\">\n\t\t\t\t<div class=\"elementor-widget-container\">\n\t\t\t<h2 class=\"elementor-heading-title elementor-size-default\"><a href=\"https:\/\/wp.envatoextensions.com\/collection-5\/?elementor_library=speaker-2&#038;preview_nonce=f5204a5bf1\">Chair of the Scientific Committee<\/a><\/h2>\t\t<\/div>\n\t\t\t\t<\/div>\n\t\t\t\t<div class=\"elementor-element elementor-element-f1a8fee elementor-widget elementor-widget-heading\" data-id=\"f1a8fee\" data-element_type=\"widget\" data-widget_type=\"heading.default\">\n\t\t\t\t<div class=\"elementor-widget-container\">\n\t\t\t<p class=\"elementor-heading-title elementor-size-default\">\u0160ime Ver\u0161i\u0107, Croatia\n<br>Dinko Pivalica, Croatia\n<\/p>\t\t<\/div>\n\t\t\t\t<\/div>\n\t\t\t\t<div class=\"elementor-element elementor-element-828c858 elementor-widget elementor-widget-heading\" data-id=\"828c858\" data-element_type=\"widget\" data-widget_type=\"heading.default\">\n\t\t\t\t<div class=\"elementor-widget-container\">\n\t\t\t<h2 class=\"elementor-heading-title elementor-size-default\"><a href=\"https:\/\/wp.envatoextensions.com\/collection-5\/?elementor_library=speaker-2&#038;preview_nonce=f5204a5bf1\">SCIENTIFIC COMMITTEE<\/a><\/h2>\t\t<\/div>\n\t\t\t\t<\/div>\n\t\t\t\t<div class=\"elementor-element elementor-element-a1055ad elementor-widget elementor-widget-heading\" data-id=\"a1055ad\" data-element_type=\"widget\" data-widget_type=\"heading.default\">\n\t\t\t\t<div class=\"elementor-widget-container\">\n\t\t\t<p class=\"elementor-heading-title elementor-size-default\">Giovanni Melchiorri, Italy<br>Petar Porobi\u0107, Montenegro<br>Marin \u010corluka, BIH<br>\nNinoslav \u0160ili\u0107, BIH<br>Goran Dimitri\u0107, Serbia\n<br>Milivoj Dopsaj, Serbia\n<br>Sla\u0111ana Stankovi\u0107, Serbia<br>Vjekoslav Cigrovski, Croatia<br>Theodoros Platanou, Greece\n<br>Evdokia Varamenti, Greece<br>Yolanda Escalante, Spain<br>Jose M. Saavedra, Iceland<\/p>\t\t<\/div>\n\t\t\t\t<\/div>\n\t\t\t\t\t<\/div>\n\t\t<\/div>\n\t\t\t\t<div class=\"elementor-column elementor-col-50 elementor-inner-column elementor-element elementor-element-c85a5a9 elementor-invisible\" data-id=\"c85a5a9\" data-element_type=\"column\" data-settings=\"{&quot;animation&quot;:&quot;fadeInUp&quot;}\">\n\t\t\t<div class=\"elementor-widget-wrap elementor-element-populated\">\n\t\t\t\t\t\t\t\t<div class=\"elementor-element elementor-element-d5ff0bf elementor-widget elementor-widget-heading\" data-id=\"d5ff0bf\" data-element_type=\"widget\" data-widget_type=\"heading.default\">\n\t\t\t\t<div class=\"elementor-widget-container\">\n\t\t\t<h2 class=\"elementor-heading-title elementor-size-default\"><a href=\"https:\/\/wp.envatoextensions.com\/collection-5\/?elementor_library=speaker-2&#038;preview_nonce=f5204a5bf1\">Chair of the Organizing Committee<\/a><\/h2>\t\t<\/div>\n\t\t\t\t<\/div>\n\t\t\t\t<div class=\"elementor-element elementor-element-5e31d68 elementor-widget elementor-widget-heading\" data-id=\"5e31d68\" data-element_type=\"widget\" data-widget_type=\"heading.default\">\n\t\t\t\t<div class=\"elementor-widget-container\">\n\t\t\t<p class=\"elementor-heading-title elementor-size-default\">Nikola Foreti\u0107, Croatia\n<br>Mia Peri\u0107, Croatia<\/p>\t\t<\/div>\n\t\t\t\t<\/div>\n\t\t\t\t<div class=\"elementor-element elementor-element-de11696 elementor-widget elementor-widget-heading\" data-id=\"de11696\" data-element_type=\"widget\" data-widget_type=\"heading.default\">\n\t\t\t\t<div class=\"elementor-widget-container\">\n\t\t\t<h2 class=\"elementor-heading-title elementor-size-default\"><a href=\"https:\/\/wp.envatoextensions.com\/collection-5\/?elementor_library=speaker-2&#038;preview_nonce=f5204a5bf1\">ORGANIZING COMMITTEE<\/a><\/h2>\t\t<\/div>\n\t\t\t\t<\/div>\n\t\t\t\t<div class=\"elementor-element elementor-element-79f8d5c elementor-widget elementor-widget-heading\" data-id=\"79f8d5c\" data-element_type=\"widget\" data-widget_type=\"heading.default\">\n\t\t\t\t<div class=\"elementor-widget-container\">\n\t\t\t<p class=\"elementor-heading-title elementor-size-default\">Frane \u017duvela, Croatia<br>Goran Kuva\u010di\u0107, Croatia<br>Paula Matija\u0161evi\u0107, Croatia<br>Nikola Prlenda, Croatia<br>Dario Vrdoljak, Croatia<br>Miran Pehar, BIH<br>Goran Gabrilo, Croatia<br>\nKlara \u0160iljeg, Croatia<br>Toni Modri\u0107, Croatia <br>Petra Rajkovi\u0107 Vuleti\u0107, Croatia<br>Jadranka Vla\u0161i\u0107, Croatia<br><\/p>\t\t<\/div>\n\t\t\t\t<\/div>\n\t\t\t\t\t<\/div>\n\t\t<\/div>\n\t\t\t\t\t\t\t<\/div>\n\t\t<\/section>\n\t\t\t\t\t<\/div>\n\t\t<\/div>\n\t\t\t\t\t\t\t<\/div>\n\t\t<\/div>\n\t\t\t\t\t\t<\/div>\n\t\t\t\t\t<\/div>\n\t\t","protected":false},"excerpt":{"rendered":"<p>Committee Conference President Ognjen Uljevi\u0107 Chair of the Scientific Committee \u0160ime Ver\u0161i\u0107, Croatia Dinko Pivalica, Croatia SCIENTIFIC COMMITTEE Giovanni Melchiorri, ItalyPetar Porobi\u0107, MontenegroMarin \u010corluka, BIH Ninoslav \u0160ili\u0107, BIHGoran Dimitri\u0107, Serbia Milivoj Dopsaj, Serbia Sla\u0111ana Stankovi\u0107, SerbiaVjekoslav Cigrovski, CroatiaTheodoros Platanou, Greece Evdokia Varamenti, GreeceYolanda Escalante, SpainJose M. Saavedra, Iceland Chair of the Organizing Committee Nikola Foreti\u0107, [&hellip;]<\/p>\n","protected":false},"author":1,"featured_media":0,"parent":0,"menu_order":0,"comment_status":"closed","ping_status":"closed","template":"elementor_header_footer","meta":[],"_links":{"self":[{"href":"https:\/\/smas.kifst.hr\/index.php?rest_route=\/wp\/v2\/pages\/17"}],"collection":[{"href":"https:\/\/smas.kifst.hr\/index.php?rest_route=\/wp\/v2\/pages"}],"about":[{"href":"https:\/\/smas.kifst.hr\/index.php?rest_route=\/wp\/v2\/types\/page"}],"author":[{"embeddable":true,"href":"https:\/\/smas.kifst.hr\/index.php?rest_route=\/wp\/v2\/users\/1"}],"replies":[{"embeddable":true,"href":"https:\/\/smas.kifst.hr\/index.php?rest_route=%2Fwp%2Fv2%2Fcomments&post=17"}],"version-history":[{"count":106,"href":"https:\/\/smas.kifst.hr\/index.php?rest_route=\/wp\/v2\/pages\/17\/revisions"}],"predecessor-version":[{"id":1266,"href":"https:\/\/smas.kifst.hr\/index.php?rest_route=\/wp\/v2\/pages\/17\/revisions\/1266"}],"wp:attachment":[{"href":"https:\/\/smas.kifst.hr\/index.php?rest_route=%2Fwp%2Fv2%2Fmedia&parent=17"}],"curies":[{"name":"wp","href":"https:\/\/api.w.org\/{rel}","templated":true}]}}